{"id":6,"date":"2025-04-25T10:39:29","date_gmt":"2025-04-25T10:39:29","guid":{"rendered":"https:\/\/www.ilogita.lt\/?page_id=6"},"modified":"2025-06-04T10:17:18","modified_gmt":"2025-06-04T10:17:18","slug":"pagrindinis","status":"publish","type":"page","link":"https:\/\/www.ilogita.lt\/","title":{"rendered":"Pagrindinis"},"content":{"rendered":"\n<div class=\"wp-block-cover alignfull is-light has-aspect-ratio\" style=\"border-style:none;border-width:0px;border-radius:0px;padding-top:2%;min-height:60rem;aspect-ratio:auto;min-height:unset;\"><img loading=\"lazy\" decoding=\"async\" width=\"1024\" height=\"571\" class=\"wp-block-cover__image-background wp-image-25 size-large\" alt=\"\" src=\"https:\/\/www.ilogita.lt\/wp-content\/uploads\/2025\/04\/laptop-1483974_1920-1024x571.jpg\" style=\"object-position:49% 53%\" data-object-fit=\"cover\" data-object-position=\"49% 53%\" srcset=\"https:\/\/www.ilogita.lt\/wp-content\/uploads\/2025\/04\/laptop-1483974_1920-1024x571.jpg 1024w, https:\/\/www.ilogita.lt\/wp-content\/uploads\/2025\/04\/laptop-1483974_1920-300x167.jpg 300w, https:\/\/www.ilogita.lt\/wp-content\/uploads\/2025\/04\/laptop-1483974_1920-768x428.jpg 768w, https:\/\/www.ilogita.lt\/wp-content\/uploads\/2025\/04\/laptop-1483974_1920-1536x856.jpg 1536w, https:\/\/www.ilogita.lt\/wp-content\/uploads\/2025\/04\/laptop-1483974_1920.jpg 1920w\" sizes=\"auto, (max-width: 1024px) 100vw, 1024px\" \/><span aria-hidden=\"true\" class=\"wp-block-cover__background has-white-background-color has-background-dim\"><\/span><div class=\"wp-block-cover__inner-container has-global-padding is-layout-constrained wp-container-core-cover-is-layout-ee51f2d2 wp-block-cover-is-layout-constrained\">\n<div class=\"wp-block-group alignwide is-style-default is-vertical is-content-justification-center is-layout-flex wp-container-core-group-is-layout-5e763914 wp-block-group-is-layout-flex\" style=\"min-height:35rem\">\n<div class=\"wp-block-group is-nowrap is-layout-flex wp-container-core-group-is-layout-6c531013 wp-block-group-is-layout-flex\">\n<div class=\"wp-block-group has-global-padding is-layout-constrained wp-block-group-is-layout-constrained\">\n<div class=\"wp-block-group alignwide has-global-padding is-layout-constrained wp-block-group-is-layout-constrained\">\n<div class=\"wp-block-group alignwide has-global-padding is-layout-constrained wp-block-group-is-layout-constrained\">\n<div class=\"wp-block-group alignwide has-global-padding is-layout-constrained wp-block-group-is-layout-constrained\"><\/div>\n<\/div>\n<\/div>\n<\/div>\n\n\n\n<div class=\"wp-block-group has-global-padding is-layout-constrained wp-container-core-group-is-layout-bea02a06 wp-block-group-is-layout-constrained\">\n<p><\/p>\n\n\n\n<p><\/p>\n\n\n\n<h3 class=\"wp-block-heading has-text-align-center has-text-color\" style=\"color:#07277c;margin-bottom:1rem;font-size:clamp(1.453rem, 1.453rem + ((1vw - 0.2rem) * 1.722), 2.4rem);font-style:normal;font-weight:400;line-height:1;text-transform:none\">Spausdintuvai ir kompiuteriai<\/h3>\n\n\n\n<h2 class=\"wp-block-heading has-text-align-center has-text-color\" style=\"color:#07277c;margin-top:0rem;margin-bottom:1.01rem;font-size:clamp(1.25rem, 1.25rem + ((1vw - 0.2rem) * 1.364), 2rem);font-style:normal;font-weight:400;line-height:1.1;text-transform:capitalize\"><\/h2>\n<\/div>\n<\/div>\n\n\n\n<div class=\"wp-block-buttons alignwide is-horizontal is-content-justification-right is-layout-flex wp-container-core-buttons-is-layout-206ba1f6 wp-block-buttons-is-layout-flex\" style=\"margin-top:0.21rem\">\n<div class=\"wp-block-button\"><a class=\"wp-block-button__link wp-element-button\" href=\"tel:+37068814341\"><strong>Spausdintuvai<\/strong><br>Rimvydas <br>+37068814341<\/a><\/div>\n\n\n\n<div class=\"wp-block-button is-style-fill\"><a class=\"wp-block-button__link has-text-align-center wp-element-button\" href=\"tel:+37068797171\"><strong>Kompiuteriai<\/strong><br>Saulius<br>+37068797171<\/a><\/div>\n<\/div>\n<\/div>\n\n\n\n<p><\/p>\n<\/div><\/div>\n\n\n\n<section class=\"wp-block-group alignfull has-text-color has-background has-global-padding is-layout-constrained wp-container-core-group-is-layout-6663719d wp-block-group-is-layout-constrained\" style=\"color:#03081e;background-color:#dddddd;margin-top:0px;padding-top:5.01rem;padding-right:1rem;padding-bottom:5.5rem;padding-left:1rem;font-size:clamp(0.875rem, 0.875rem + ((1vw - 0.2rem) * 0.464), 1.13rem);font-style:normal;font-weight:400;line-height:1.4\">\n<div class=\"wp-block-columns is-layout-flex wp-container-core-columns-is-layout-db2df21c wp-block-columns-is-layout-flex\" style=\"margin-bottom:0px\">\n<div class=\"wp-block-column is-layout-flow wp-block-column-is-layout-flow\">\n<div class=\"wp-block-group is-vertical is-content-justification-left is-layout-flex wp-container-core-group-is-layout-c5d44cae wp-block-group-is-layout-flex\" style=\"min-height:100%\">\n<div class=\"wp-block-group has-global-padding is-content-justification-center is-layout-constrained wp-container-core-group-is-layout-b15c80d6 wp-block-group-is-layout-constrained\">\n<h3 class=\"wp-block-heading has-text-align-left has-text-color\" style=\"color:#07277c;margin-top:0.5rem;margin-bottom:1.01rem;font-size:clamp(1.556rem, 1.556rem + ((1vw - 0.2rem) * 1.916), 2.61rem);font-style:normal;font-weight:500;letter-spacing:0px;line-height:1.3;text-transform:capitalize\">Apie Mus<\/h3>\n\n\n\n<p class=\"has-text-align-left has-text-color\" style=\"color:#03081e;margin-top:0rem;font-size:clamp(0.875rem, 0.875rem + ((1vw - 0.2rem) * 0.609), 1.21rem);font-style:normal;font-weight:400;line-height:1.6\">Dirbame nuo 2001 met\u0173, mes esame j\u016bs\u0173 patikimas partneris spausdintuv\u0173 ir kompiuteri\u0173 pasaulyje. M\u016bs\u0173 vertyb\u0117s \u2013 kokyb\u0117, profesionalumas ir klient\u0173 pasitenkinimas. Mes tikime, kad kiekvienas klientas yra ypatingas, tod\u0117l skiriame d\u0117mes\u012f net ir ma\u017eiausioms detal\u0117ms. Pasitik\u0117kite mumis ir leiskite mums pad\u0117ti jums!<\/p>\n\n\n\n<div class=\"wp-block-group has-global-padding is-content-justification-left is-layout-constrained wp-container-core-group-is-layout-30c9064c wp-block-group-is-layout-constrained\" style=\"margin-top:0px\"><\/div>\n<\/div>\n<\/div>\n<\/div>\n\n\n\n<div class=\"wp-block-column is-vertically-aligned-center has-global-padding is-content-justification-left is-layout-constrained wp-container-core-column-is-layout-12dd3699 wp-block-column-is-layout-constrained\" style=\"flex-basis:45%\">\n<figure class=\"wp-block-image aligncenter size-full has-custom-border is-style-default\"><img loading=\"lazy\" decoding=\"async\" width=\"2560\" height=\"1703\" src=\"https:\/\/www.ilogita.lt\/wp-content\/uploads\/2025\/04\/glenn-carstens-peters-6rkJD0Uxois-unsplash-scaled.jpg\" alt=\"\" class=\"wp-image-55\" style=\"border-radius:30px\" srcset=\"https:\/\/www.ilogita.lt\/wp-content\/uploads\/2025\/04\/glenn-carstens-peters-6rkJD0Uxois-unsplash-scaled.jpg 2560w, https:\/\/www.ilogita.lt\/wp-content\/uploads\/2025\/04\/glenn-carstens-peters-6rkJD0Uxois-unsplash-300x200.jpg 300w, https:\/\/www.ilogita.lt\/wp-content\/uploads\/2025\/04\/glenn-carstens-peters-6rkJD0Uxois-unsplash-1024x681.jpg 1024w, https:\/\/www.ilogita.lt\/wp-content\/uploads\/2025\/04\/glenn-carstens-peters-6rkJD0Uxois-unsplash-768x511.jpg 768w, https:\/\/www.ilogita.lt\/wp-content\/uploads\/2025\/04\/glenn-carstens-peters-6rkJD0Uxois-unsplash-1536x1022.jpg 1536w, https:\/\/www.ilogita.lt\/wp-content\/uploads\/2025\/04\/glenn-carstens-peters-6rkJD0Uxois-unsplash-2048x1363.jpg 2048w\" sizes=\"auto, (max-width: 2560px) 100vw, 2560px\" \/><\/figure>\n<\/div>\n<\/div>\n<\/section>\n\n\n\n<p><\/p>\n","protected":false},"excerpt":{"rendered":"<p>Apie Mus Dirbame nuo 2001 met\u0173, mes esame j\u016bs\u0173 patikimas partneris spausdintuv\u0173 ir kompiuteri\u0173 pasaulyje. M\u016bs\u0173 vertyb\u0117s \u2013 kokyb\u0117, profesionalumas ir klient\u0173 pasitenkinimas. Mes tikime, kad kiekvienas klientas yra ypatingas, tod\u0117l skiriame d\u0117mes\u012f net ir ma\u017eiausioms detal\u0117ms. Pasitik\u0117kite mumis ir leiskite mums pad\u0117ti jums!<\/p>\n","protected":false},"author":1,"featured_media":0,"parent":0,"menu_order":0,"comment_status":"closed","ping_status":"closed","template":"","meta":{"footnotes":""},"class_list":["post-6","page","type-page","status-publish","hentry"],"yoast_head":"<!-- This site is optimized with the Yoast SEO plugin v27.5 - https:\/\/yoast.com\/product\/yoast-seo-wordpress\/ -->\n<title>Pagrindinis - IT technika<\/title>\n<meta name=\"robots\" content=\"index, follow, max-snippet:-1, max-image-preview:large, max-video-preview:-1\" \/>\n<link rel=\"canonical\" href=\"https:\/\/www.ilogita.lt\/\" \/>\n<meta property=\"og:locale\" content=\"en_US\" \/>\n<meta property=\"og:type\" content=\"article\" \/>\n<meta property=\"og:title\" content=\"Pagrindinis - IT technika\" \/>\n<meta property=\"og:description\" content=\"Apie Mus Dirbame nuo 2001 met\u0173, mes esame j\u016bs\u0173 patikimas partneris spausdintuv\u0173 ir kompiuteri\u0173 pasaulyje. M\u016bs\u0173 vertyb\u0117s \u2013 kokyb\u0117, profesionalumas ir klient\u0173 pasitenkinimas. Mes tikime, kad kiekvienas klientas yra ypatingas, tod\u0117l skiriame d\u0117mes\u012f net ir ma\u017eiausioms detal\u0117ms. Pasitik\u0117kite mumis ir leiskite mums pad\u0117ti jums!\" \/>\n<meta property=\"og:url\" content=\"https:\/\/www.ilogita.lt\/\" \/>\n<meta property=\"og:site_name\" content=\"IT technika\" \/>\n<meta property=\"article:modified_time\" content=\"2025-06-04T10:17:18+00:00\" \/>\n<meta property=\"og:image\" content=\"https:\/\/www.ilogita.lt\/wp-content\/uploads\/2025\/04\/laptop-1483974_1920.jpg\" \/>\n\t<meta property=\"og:image:width\" content=\"1920\" \/>\n\t<meta property=\"og:image:height\" content=\"1070\" \/>\n\t<meta property=\"og:image:type\" content=\"image\/jpeg\" \/>\n<meta name=\"twitter:card\" content=\"summary_large_image\" \/>\n<meta name=\"twitter:label1\" content=\"Est. reading time\" \/>\n\t<meta name=\"twitter:data1\" content=\"1 minute\" \/>\n<script type=\"application\/ld+json\" class=\"yoast-schema-graph\">{\"@context\":\"https:\\\/\\\/schema.org\",\"@graph\":[{\"@type\":\"WebPage\",\"@id\":\"https:\\\/\\\/www.ilogita.lt\\\/\",\"url\":\"https:\\\/\\\/www.ilogita.lt\\\/\",\"name\":\"Pagrindinis - IT technika\",\"isPartOf\":{\"@id\":\"https:\\\/\\\/www.ilogita.lt\\\/#website\"},\"primaryImageOfPage\":{\"@id\":\"https:\\\/\\\/www.ilogita.lt\\\/#primaryimage\"},\"image\":{\"@id\":\"https:\\\/\\\/www.ilogita.lt\\\/#primaryimage\"},\"thumbnailUrl\":\"https:\\\/\\\/www.ilogita.lt\\\/wp-content\\\/uploads\\\/2025\\\/04\\\/laptop-1483974_1920-1024x571.jpg\",\"datePublished\":\"2025-04-25T10:39:29+00:00\",\"dateModified\":\"2025-06-04T10:17:18+00:00\",\"breadcrumb\":{\"@id\":\"https:\\\/\\\/www.ilogita.lt\\\/#breadcrumb\"},\"inLanguage\":\"en\",\"potentialAction\":[{\"@type\":\"ReadAction\",\"target\":[\"https:\\\/\\\/www.ilogita.lt\\\/\"]}]},{\"@type\":\"ImageObject\",\"inLanguage\":\"en\",\"@id\":\"https:\\\/\\\/www.ilogita.lt\\\/#primaryimage\",\"url\":\"https:\\\/\\\/www.ilogita.lt\\\/wp-content\\\/uploads\\\/2025\\\/04\\\/laptop-1483974_1920.jpg\",\"contentUrl\":\"https:\\\/\\\/www.ilogita.lt\\\/wp-content\\\/uploads\\\/2025\\\/04\\\/laptop-1483974_1920.jpg\",\"width\":1920,\"height\":1070},{\"@type\":\"BreadcrumbList\",\"@id\":\"https:\\\/\\\/www.ilogita.lt\\\/#breadcrumb\",\"itemListElement\":[{\"@type\":\"ListItem\",\"position\":1,\"name\":\"Home\",\"item\":\"https:\\\/\\\/www.ilogita.lt\\\/\"},{\"@type\":\"ListItem\",\"position\":2,\"name\":\"Pagrindinis\"}]},{\"@type\":\"WebSite\",\"@id\":\"https:\\\/\\\/www.ilogita.lt\\\/#website\",\"url\":\"https:\\\/\\\/www.ilogita.lt\\\/\",\"name\":\"IT technika\",\"description\":\"Spausdintuvai ir kompiuteriai\",\"publisher\":{\"@id\":\"https:\\\/\\\/www.ilogita.lt\\\/#organization\"},\"potentialAction\":[{\"@type\":\"SearchAction\",\"target\":{\"@type\":\"EntryPoint\",\"urlTemplate\":\"https:\\\/\\\/www.ilogita.lt\\\/?s={search_term_string}\"},\"query-input\":{\"@type\":\"PropertyValueSpecification\",\"valueRequired\":true,\"valueName\":\"search_term_string\"}}],\"inLanguage\":\"en\"},{\"@type\":\"Organization\",\"@id\":\"https:\\\/\\\/www.ilogita.lt\\\/#organization\",\"name\":\"IT technika\",\"url\":\"https:\\\/\\\/www.ilogita.lt\\\/\",\"logo\":{\"@type\":\"ImageObject\",\"inLanguage\":\"en\",\"@id\":\"https:\\\/\\\/www.ilogita.lt\\\/#\\\/schema\\\/logo\\\/image\\\/\",\"url\":\"https:\\\/\\\/www.ilogita.lt\\\/wp-content\\\/uploads\\\/2025\\\/06\\\/oYsePB9RV8lH2DM4.png\",\"contentUrl\":\"https:\\\/\\\/www.ilogita.lt\\\/wp-content\\\/uploads\\\/2025\\\/06\\\/oYsePB9RV8lH2DM4.png\",\"width\":633,\"height\":282,\"caption\":\"IT technika\"},\"image\":{\"@id\":\"https:\\\/\\\/www.ilogita.lt\\\/#\\\/schema\\\/logo\\\/image\\\/\"}}]}<\/script>\n<!-- \/ Yoast SEO plugin. -->","yoast_head_json":{"title":"Pagrindinis - IT technika","robots":{"index":"index","follow":"follow","max-snippet":"max-snippet:-1","max-image-preview":"max-image-preview:large","max-video-preview":"max-video-preview:-1"},"canonical":"https:\/\/www.ilogita.lt\/","og_locale":"en_US","og_type":"article","og_title":"Pagrindinis - IT technika","og_description":"Apie Mus Dirbame nuo 2001 met\u0173, mes esame j\u016bs\u0173 patikimas partneris spausdintuv\u0173 ir kompiuteri\u0173 pasaulyje. M\u016bs\u0173 vertyb\u0117s \u2013 kokyb\u0117, profesionalumas ir klient\u0173 pasitenkinimas. Mes tikime, kad kiekvienas klientas yra ypatingas, tod\u0117l skiriame d\u0117mes\u012f net ir ma\u017eiausioms detal\u0117ms. Pasitik\u0117kite mumis ir leiskite mums pad\u0117ti jums!","og_url":"https:\/\/www.ilogita.lt\/","og_site_name":"IT technika","article_modified_time":"2025-06-04T10:17:18+00:00","og_image":[{"width":1920,"height":1070,"url":"https:\/\/www.ilogita.lt\/wp-content\/uploads\/2025\/04\/laptop-1483974_1920.jpg","type":"image\/jpeg"}],"twitter_card":"summary_large_image","twitter_misc":{"Est. reading time":"1 minute"},"schema":{"@context":"https:\/\/schema.org","@graph":[{"@type":"WebPage","@id":"https:\/\/www.ilogita.lt\/","url":"https:\/\/www.ilogita.lt\/","name":"Pagrindinis - IT technika","isPartOf":{"@id":"https:\/\/www.ilogita.lt\/#website"},"primaryImageOfPage":{"@id":"https:\/\/www.ilogita.lt\/#primaryimage"},"image":{"@id":"https:\/\/www.ilogita.lt\/#primaryimage"},"thumbnailUrl":"https:\/\/www.ilogita.lt\/wp-content\/uploads\/2025\/04\/laptop-1483974_1920-1024x571.jpg","datePublished":"2025-04-25T10:39:29+00:00","dateModified":"2025-06-04T10:17:18+00:00","breadcrumb":{"@id":"https:\/\/www.ilogita.lt\/#breadcrumb"},"inLanguage":"en","potentialAction":[{"@type":"ReadAction","target":["https:\/\/www.ilogita.lt\/"]}]},{"@type":"ImageObject","inLanguage":"en","@id":"https:\/\/www.ilogita.lt\/#primaryimage","url":"https:\/\/www.ilogita.lt\/wp-content\/uploads\/2025\/04\/laptop-1483974_1920.jpg","contentUrl":"https:\/\/www.ilogita.lt\/wp-content\/uploads\/2025\/04\/laptop-1483974_1920.jpg","width":1920,"height":1070},{"@type":"BreadcrumbList","@id":"https:\/\/www.ilogita.lt\/#breadcrumb","itemListElement":[{"@type":"ListItem","position":1,"name":"Home","item":"https:\/\/www.ilogita.lt\/"},{"@type":"ListItem","position":2,"name":"Pagrindinis"}]},{"@type":"WebSite","@id":"https:\/\/www.ilogita.lt\/#website","url":"https:\/\/www.ilogita.lt\/","name":"IT technika","description":"Spausdintuvai ir kompiuteriai","publisher":{"@id":"https:\/\/www.ilogita.lt\/#organization"},"potentialAction":[{"@type":"SearchAction","target":{"@type":"EntryPoint","urlTemplate":"https:\/\/www.ilogita.lt\/?s={search_term_string}"},"query-input":{"@type":"PropertyValueSpecification","valueRequired":true,"valueName":"search_term_string"}}],"inLanguage":"en"},{"@type":"Organization","@id":"https:\/\/www.ilogita.lt\/#organization","name":"IT technika","url":"https:\/\/www.ilogita.lt\/","logo":{"@type":"ImageObject","inLanguage":"en","@id":"https:\/\/www.ilogita.lt\/#\/schema\/logo\/image\/","url":"https:\/\/www.ilogita.lt\/wp-content\/uploads\/2025\/06\/oYsePB9RV8lH2DM4.png","contentUrl":"https:\/\/www.ilogita.lt\/wp-content\/uploads\/2025\/06\/oYsePB9RV8lH2DM4.png","width":633,"height":282,"caption":"IT technika"},"image":{"@id":"https:\/\/www.ilogita.lt\/#\/schema\/logo\/image\/"}}]}},"_links":{"self":[{"href":"https:\/\/www.ilogita.lt\/index.php\/wp-json\/wp\/v2\/pages\/6","targetHints":{"allow":["GET"]}}],"collection":[{"href":"https:\/\/www.ilogita.lt\/index.php\/wp-json\/wp\/v2\/pages"}],"about":[{"href":"https:\/\/www.ilogita.lt\/index.php\/wp-json\/wp\/v2\/types\/page"}],"author":[{"embeddable":true,"href":"https:\/\/www.ilogita.lt\/index.php\/wp-json\/wp\/v2\/users\/1"}],"replies":[{"embeddable":true,"href":"https:\/\/www.ilogita.lt\/index.php\/wp-json\/wp\/v2\/comments?post=6"}],"version-history":[{"count":28,"href":"https:\/\/www.ilogita.lt\/index.php\/wp-json\/wp\/v2\/pages\/6\/revisions"}],"predecessor-version":[{"id":130,"href":"https:\/\/www.ilogita.lt\/index.php\/wp-json\/wp\/v2\/pages\/6\/revisions\/130"}],"wp:attachment":[{"href":"https:\/\/www.ilogita.lt\/index.php\/wp-json\/wp\/v2\/media?parent=6"}],"curies":[{"name":"wp","href":"https:\/\/api.w.org\/{rel}","templated":true}]}}