{"id":13,"date":"2025-04-25T10:42:06","date_gmt":"2025-04-25T10:42:06","guid":{"rendered":"https:\/\/www.ilogita.lt\/?page_id=13"},"modified":"2025-10-31T20:15:39","modified_gmt":"2025-10-31T20:15:39","slug":"kontaktai","status":"publish","type":"page","link":"https:\/\/www.ilogita.lt\/index.php\/kontaktai\/","title":{"rendered":"Kontaktai"},"content":{"rendered":"\n<div class=\"wp-block-cover alignfull is-light\" style=\"padding-top:2%;min-height:30rem;aspect-ratio:unset;\"><img loading=\"lazy\" decoding=\"async\" width=\"1024\" height=\"682\" class=\"wp-block-cover__image-background wp-image-50 size-large\" alt=\"\" src=\"https:\/\/www.ilogita.lt\/wp-content\/uploads\/2025\/04\/contact-us-4193401_1280-1-1024x682.jpg\" data-object-fit=\"cover\" srcset=\"https:\/\/www.ilogita.lt\/wp-content\/uploads\/2025\/04\/contact-us-4193401_1280-1-1024x682.jpg 1024w, https:\/\/www.ilogita.lt\/wp-content\/uploads\/2025\/04\/contact-us-4193401_1280-1-300x200.jpg 300w, https:\/\/www.ilogita.lt\/wp-content\/uploads\/2025\/04\/contact-us-4193401_1280-1-768x512.jpg 768w, https:\/\/www.ilogita.lt\/wp-content\/uploads\/2025\/04\/contact-us-4193401_1280-1.jpg 1280w\" sizes=\"auto, (max-width: 1024px) 100vw, 1024px\" \/><span aria-hidden=\"true\" class=\"wp-block-cover__background has-background-dim-0 has-background-dim\" style=\"background-color:#e5e2e3\"><\/span><div class=\"wp-block-cover__inner-container has-global-padding is-layout-constrained wp-container-core-cover-is-layout-ee51f2d2 wp-block-cover-is-layout-constrained\">\n<div class=\"wp-block-group alignwide is-vertical is-content-justification-center is-layout-flex wp-container-core-group-is-layout-5e763914 wp-block-group-is-layout-flex\" style=\"min-height:8rem\">\n<div class=\"wp-block-group has-global-padding is-layout-constrained wp-container-core-group-is-layout-bea02a06 wp-block-group-is-layout-constrained\">\n<h2 class=\"wp-block-heading has-text-align-center has-text-color\" style=\"color:#07277c;margin-top:0rem;margin-bottom:1.01rem;font-size:clamp(2.071rem, 2.071rem + ((1vw - 0.2rem) * 2.98), 3.71rem);font-style:normal;font-weight:400;line-height:1;text-transform:capitalize\">Susisiekite dabar!<\/h2>\n<\/div>\n<\/div>\n<\/div><\/div>\n\n\n\n<section class=\"wp-block-group alignfull has-text-color has-global-padding is-layout-constrained wp-container-core-group-is-layout-4252d6ba wp-block-group-is-layout-constrained\" style=\"color:#03081e;margin-top:0px;padding-top:6.51rem;padding-right:1rem;padding-bottom:5.5rem;padding-left:1rem;font-size:clamp(0.875rem, 0.875rem + ((1vw - 0.2rem) * 0.464), 1.13rem);font-style:normal;font-weight:400;line-height:1.4\">\n<div class=\"wp-block-group alignfull has-text-color has-global-padding is-layout-constrained wp-container-core-group-is-layout-9f6dfefa wp-block-group-is-layout-constrained\" style=\"color:#252525;margin-top:0px;padding-top:0rem;padding-right:1rem;padding-bottom:0rem;padding-left:1rem;font-size:clamp(0.875rem, 0.875rem + ((1vw - 0.2rem) * 0.464), 1.13rem);font-style:normal;font-weight:400;line-height:1.4\">\n<div class=\"wp-block-group alignwide has-global-padding is-layout-constrained wp-block-group-is-layout-constrained\">\n<div class=\"wp-block-group has-global-padding is-layout-constrained wp-block-group-is-layout-constrained\">\n<h2 class=\"wp-block-heading has-text-align-center has-text-color\" style=\"color:#07277c;margin-bottom:0.51rem;font-size:clamp(1.307rem, 1.307rem + ((1vw - 0.2rem) * 1.46), 2.11rem);font-style:normal;font-weight:500;line-height:1.2\">Bendradarbiaukime kartu!<\/h2>\n\n\n\n<p class=\"has-text-align-center has-text-color\" style=\"color:#575763;margin-top:0rem;font-size:clamp(0.875rem, 0.875rem + ((1vw - 0.2rem) * 0.064), 0.91rem);font-style:normal;font-weight:400;line-height:1.5\">Mes esame \u010dia jums pad\u0117ti! U\u017euot lauk\u0119, para\u0161ykite ar paskambinkite mums jau dabar!<\/p>\n\n\n<\/div>\n<\/div>\n<\/div>\n<\/section>\n\n\n\n<section class=\"wp-block-cover alignfull is-light has-custom-content-position is-position-top-center\" style=\"margin-top:0px;padding-top:0rem;padding-bottom:0px;min-height:710px;aspect-ratio:unset;\"><img decoding=\"async\" class=\"wp-block-cover__image-background wp-image-3045\" alt=\"\" src=\"https:\/\/tyler.com\/wp-content\/uploads\/2023\/11\/island-banner7.jpg\" data-object-fit=\"cover\"\/><span aria-hidden=\"true\" class=\"wp-block-cover__background has-background-dim-0 has-background-dim\"><\/span><div class=\"wp-block-cover__inner-container has-global-padding is-layout-constrained wp-container-core-cover-is-layout-e165fa9a wp-block-cover-is-layout-constrained\">\n<div class=\"wp-block-group is-vertical is-content-justification-stretch is-layout-flex wp-container-core-group-is-layout-7e924153 wp-block-group-is-layout-flex\" style=\"margin-top:8%\">\n<h2 class=\"wp-block-heading has-text-align-center has-text-color\" style=\"color:#07277c;margin-bottom:1.11rem;font-size:clamp(1.255rem, 1.255rem + ((1vw - 0.2rem) * 1.373), 2.01rem);font-style:normal;font-weight:500;line-height:1.2\">M\u016bs\u0173 kontaktai ir darbo laikas<\/h2>\n\n\n\n<div class=\"wp-block-group has-global-padding is-layout-constrained wp-container-core-group-is-layout-2218ac57 wp-block-group-is-layout-constrained\" style=\"padding-top:5%;padding-bottom:4.01rem\">\n<div class=\"wp-block-columns is-layout-flex wp-container-core-columns-is-layout-394952b5 wp-block-columns-is-layout-flex\">\n<div class=\"wp-block-column is-vertically-aligned-top has-global-padding is-layout-constrained wp-container-core-column-is-layout-d4f51017 wp-block-column-is-layout-constrained\" style=\"padding-left:1rem\">\n<div class=\"wp-block-columns is-not-stacked-on-mobile is-layout-flex wp-container-core-columns-is-layout-7e464bea wp-block-columns-is-layout-flex\">\n<div class=\"wp-block-column is-layout-flow wp-block-column-is-layout-flow\" style=\"flex-basis:20%\">\n<figure class=\"wp-block-image size-large is-resized\"><img decoding=\"async\" src=\"https:\/\/tyler.com\/wp-content\/uploads\/2023\/11\/icon-location-pin.svg\" alt=\"\" class=\"wp-image-3042\" style=\"width:45px\"\/><\/figure>\n<\/div>\n\n\n\n<div class=\"wp-block-column is-layout-flow wp-block-column-is-layout-flow\" style=\"flex-basis:100%\">\n<h6 class=\"wp-block-heading has-text-align-left has-text-color\" style=\"color:#07277c;margin-bottom:0.51rem;font-size:clamp(0.875rem, 0.875rem + ((1vw - 0.2rem) * 0.645), 1.23rem);font-style:normal;font-weight:400;line-height:1.3;text-transform:capitalize\">M\u016bs\u0173 adresas<\/h6>\n\n\n\n<p class=\"has-text-align-left has-text-color\" style=\"color:#03081e;margin-top:0px;margin-bottom:0.51rem;font-size:clamp(0.875em, 0.875rem + ((1vw - 0.2em) * 0.064), 0.91em);font-style:normal;font-weight:400;line-height:1.5\"><a href=\"https:\/\/maps.app.goo.gl\/42XrDFnsxCs7qx1o7\">Gegu\u017ei\u0173 45-116, \u0160iauliai<\/a><\/p>\n\n\n\n<p class=\"has-text-align-left has-text-color\" style=\"color:#03081e;margin-top:0px;font-size:clamp(0.875em, 0.875rem + ((1vw - 0.2em) * 0.064), 0.91em);font-style:normal;font-weight:400;line-height:1.5\">Lietuva<\/p>\n<\/div>\n\n\n\n<div class=\"wp-block-column has-global-padding is-content-justification-right is-layout-constrained wp-container-core-column-is-layout-f1f2ed93 wp-block-column-is-layout-constrained\" style=\"flex-basis:3px\">\n<figure class=\"wp-block-image size-full is-resized\"><img decoding=\"async\" src=\"https:\/\/tyler.com\/wp-content\/uploads\/2023\/11\/column-border90.jpg\" alt=\"\" class=\"wp-image-3044\" style=\"width:1px\"\/><\/figure>\n<\/div>\n<\/div>\n<\/div>\n\n\n\n<div class=\"wp-block-column is-vertically-aligned-top has-global-padding is-layout-constrained wp-container-core-column-is-layout-d4f51017 wp-block-column-is-layout-constrained\" style=\"padding-left:1rem\">\n<div class=\"wp-block-columns is-not-stacked-on-mobile is-layout-flex wp-container-core-columns-is-layout-7e464bea wp-block-columns-is-layout-flex\">\n<div class=\"wp-block-column is-layout-flow wp-block-column-is-layout-flow\" style=\"flex-basis:20%\">\n<figure class=\"wp-block-image size-large is-resized\"><img decoding=\"async\" src=\"https:\/\/tyler.com\/wp-content\/uploads\/2023\/11\/icon-phone.svg\" alt=\"\" class=\"wp-image-3043\" style=\"width:45px\"\/><\/figure>\n<\/div>\n\n\n\n<div class=\"wp-block-column is-layout-flow wp-block-column-is-layout-flow\" style=\"flex-basis:100%\">\n<h6 class=\"wp-block-heading has-text-align-left has-text-color\" style=\"color:#07277c;margin-bottom:0.51rem;font-size:clamp(0.875rem, 0.875rem + ((1vw - 0.2rem) * 0.645), 1.23rem);font-style:normal;font-weight:400;line-height:1.3;text-transform:capitalize\">Kontaktai ir telefonas<\/h6>\n\n\n\n<p class=\"has-text-align-left has-text-color has-link-color wp-elements-622f3d2c974d00429017cb3349e3082f\" style=\"color:#03081e;margin-top:0px;margin-bottom:0.51rem;font-size:clamp(0.875em, 0.875rem + ((1vw - 0.2em) * 0.064), 0.91em);font-style:normal;font-weight:400;line-height:1.5;text-decoration:none\">Spausdintuvai<br>Rimvydas<br><a href=\"tel:+37068814341\">+370 688 14341<\/a><br><a href=\"mailto:rimvydas@ilogita.lt\">rimvydas@ilogita.lt<\/a><br>spausdintuvai.eu<br><br>Kompiuteriai<br>Saulius<br><a href=\"tel:+37068797171\">+370 687 97171<\/a><br><a href=\"mailto:uabklovita@gmail.com\">uabklovita@gmail.com<\/a><br>kompiuteriai.eu<br>Gegu\u017ei\u0173 49, \u0160iauliai<br><br><\/p>\n<\/div>\n\n\n\n<div class=\"wp-block-column has-global-padding is-content-justification-right is-layout-constrained wp-container-core-column-is-layout-f1f2ed93 wp-block-column-is-layout-constrained\" style=\"flex-basis:3px\">\n<figure class=\"wp-block-image size-full is-resized\"><img decoding=\"async\" src=\"https:\/\/tyler.com\/wp-content\/uploads\/2023\/11\/column-border90.jpg\" alt=\"\" class=\"wp-image-3044\" style=\"width:1px\"\/><\/figure>\n<\/div>\n<\/div>\n<\/div>\n\n\n\n<div class=\"wp-block-column is-vertically-aligned-top has-global-padding is-content-justification-center is-layout-constrained wp-container-core-column-is-layout-4fae4cd2 wp-block-column-is-layout-constrained\" style=\"padding-left:1rem\">\n<div class=\"wp-block-columns is-not-stacked-on-mobile is-layout-flex wp-container-core-columns-is-layout-7e464bea wp-block-columns-is-layout-flex\">\n<div class=\"wp-block-column is-layout-flow wp-block-column-is-layout-flow\" style=\"flex-basis:20%\">\n<figure class=\"wp-block-image size-large is-resized\"><img decoding=\"async\" src=\"https:\/\/tyler.com\/wp-content\/uploads\/2023\/11\/icon-clock.svg\" alt=\"\" class=\"wp-image-3041\" style=\"width:45px\"\/><\/figure>\n<\/div>\n\n\n\n<div class=\"wp-block-column is-layout-flow wp-block-column-is-layout-flow\" style=\"flex-basis:100%\">\n<h6 class=\"wp-block-heading has-text-align-left has-text-color\" style=\"color:#07277c;margin-bottom:0.51rem;font-size:clamp(0.875rem, 0.875rem + ((1vw - 0.2rem) * 0.645), 1.23rem);font-style:normal;font-weight:400;line-height:1.3;text-transform:capitalize\">Darbo valandos<\/h6>\n\n\n\n<div class=\"wp-block-group is-vertical is-content-justification-left is-layout-flex wp-container-core-group-is-layout-c5903312 wp-block-group-is-layout-flex\" style=\"margin-top:0px;margin-bottom:0px;padding-top:0px;padding-right:0px;padding-bottom:0px;padding-left:0px\">\n<p class=\"has-text-align-left has-text-color\" style=\"color:#03081e;margin-top:0px;margin-right:5px;margin-bottom:0.51rem;margin-left:0px;font-size:clamp(0.875em, 0.875rem + ((1vw - 0.2em) * 0.064), 0.91em);font-style:normal;font-weight:400;line-height:1.5\">Pirmadien\u012f &#8211; Ketvirtadien\u012f  <br>09:00 &#8211; 17:00<br>Penktadien\u012f <br>09:00 &#8211; 16:00<br>\u0160e\u0161tadien\u012f, Sekmadien\u012f<br>Nedirbame<\/p>\n\n\n\n<p><\/p>\n<\/div>\n<\/div>\n<\/div>\n<\/div>\n<\/div>\n<\/div>\n<\/div>\n<\/div><\/section>\n","protected":false},"excerpt":{"rendered":"<p>Bendradarbiaukime kartu! Mes esame \u010dia jums pad\u0117ti! U\u017euot lauk\u0119, para\u0161ykite ar paskambinkite mums jau dabar!<\/p>\n","protected":false},"author":1,"featured_media":0,"parent":0,"menu_order":0,"comment_status":"closed","ping_status":"closed","template":"","meta":{"footnotes":""},"class_list":["post-13","page","type-page","status-publish","hentry"],"yoast_head":"<!-- This site is optimized with the Yoast SEO plugin v27.5 - https:\/\/yoast.com\/product\/yoast-seo-wordpress\/ -->\n<title>Kontaktai - IT technika<\/title>\n<meta name=\"robots\" content=\"index, follow, max-snippet:-1, max-image-preview:large, max-video-preview:-1\" \/>\n<link rel=\"canonical\" href=\"https:\/\/www.ilogita.lt\/index.php\/kontaktai\/\" \/>\n<meta property=\"og:locale\" content=\"en_US\" \/>\n<meta property=\"og:type\" content=\"article\" \/>\n<meta property=\"og:title\" content=\"Kontaktai - IT technika\" \/>\n<meta property=\"og:description\" content=\"Bendradarbiaukime kartu! Mes esame \u010dia jums pad\u0117ti! U\u017euot lauk\u0119, para\u0161ykite ar paskambinkite mums jau dabar!\" \/>\n<meta property=\"og:url\" content=\"https:\/\/www.ilogita.lt\/index.php\/kontaktai\/\" \/>\n<meta property=\"og:site_name\" content=\"IT technika\" \/>\n<meta property=\"article:modified_time\" content=\"2025-10-31T20:15:39+00:00\" \/>\n<meta property=\"og:image\" content=\"https:\/\/www.ilogita.lt\/wp-content\/uploads\/2025\/04\/contact-us-4193401_1280-1.jpg\" \/>\n\t<meta property=\"og:image:width\" content=\"1280\" \/>\n\t<meta property=\"og:image:height\" content=\"853\" \/>\n\t<meta property=\"og:image:type\" content=\"image\/jpeg\" \/>\n<meta name=\"twitter:card\" content=\"summary_large_image\" \/>\n<meta name=\"twitter:label1\" content=\"Est. reading time\" \/>\n\t<meta name=\"twitter:data1\" content=\"2 minutes\" \/>\n<script type=\"application\/ld+json\" class=\"yoast-schema-graph\">{\"@context\":\"https:\\\/\\\/schema.org\",\"@graph\":[{\"@type\":\"WebPage\",\"@id\":\"https:\\\/\\\/www.ilogita.lt\\\/index.php\\\/kontaktai\\\/\",\"url\":\"https:\\\/\\\/www.ilogita.lt\\\/index.php\\\/kontaktai\\\/\",\"name\":\"Kontaktai - IT technika\",\"isPartOf\":{\"@id\":\"https:\\\/\\\/www.ilogita.lt\\\/#website\"},\"primaryImageOfPage\":{\"@id\":\"https:\\\/\\\/www.ilogita.lt\\\/index.php\\\/kontaktai\\\/#primaryimage\"},\"image\":{\"@id\":\"https:\\\/\\\/www.ilogita.lt\\\/index.php\\\/kontaktai\\\/#primaryimage\"},\"thumbnailUrl\":\"https:\\\/\\\/www.ilogita.lt\\\/wp-content\\\/uploads\\\/2025\\\/04\\\/contact-us-4193401_1280-1-1024x682.jpg\",\"datePublished\":\"2025-04-25T10:42:06+00:00\",\"dateModified\":\"2025-10-31T20:15:39+00:00\",\"breadcrumb\":{\"@id\":\"https:\\\/\\\/www.ilogita.lt\\\/index.php\\\/kontaktai\\\/#breadcrumb\"},\"inLanguage\":\"en\",\"potentialAction\":[{\"@type\":\"ReadAction\",\"target\":[\"https:\\\/\\\/www.ilogita.lt\\\/index.php\\\/kontaktai\\\/\"]}]},{\"@type\":\"ImageObject\",\"inLanguage\":\"en\",\"@id\":\"https:\\\/\\\/www.ilogita.lt\\\/index.php\\\/kontaktai\\\/#primaryimage\",\"url\":\"https:\\\/\\\/www.ilogita.lt\\\/wp-content\\\/uploads\\\/2025\\\/04\\\/contact-us-4193401_1280-1.jpg\",\"contentUrl\":\"https:\\\/\\\/www.ilogita.lt\\\/wp-content\\\/uploads\\\/2025\\\/04\\\/contact-us-4193401_1280-1.jpg\",\"width\":1280,\"height\":853},{\"@type\":\"BreadcrumbList\",\"@id\":\"https:\\\/\\\/www.ilogita.lt\\\/index.php\\\/kontaktai\\\/#breadcrumb\",\"itemListElement\":[{\"@type\":\"ListItem\",\"position\":1,\"name\":\"Home\",\"item\":\"https:\\\/\\\/www.ilogita.lt\\\/\"},{\"@type\":\"ListItem\",\"position\":2,\"name\":\"Kontaktai\"}]},{\"@type\":\"WebSite\",\"@id\":\"https:\\\/\\\/www.ilogita.lt\\\/#website\",\"url\":\"https:\\\/\\\/www.ilogita.lt\\\/\",\"name\":\"IT technika\",\"description\":\"Spausdintuvai ir kompiuteriai\",\"publisher\":{\"@id\":\"https:\\\/\\\/www.ilogita.lt\\\/#organization\"},\"potentialAction\":[{\"@type\":\"SearchAction\",\"target\":{\"@type\":\"EntryPoint\",\"urlTemplate\":\"https:\\\/\\\/www.ilogita.lt\\\/?s={search_term_string}\"},\"query-input\":{\"@type\":\"PropertyValueSpecification\",\"valueRequired\":true,\"valueName\":\"search_term_string\"}}],\"inLanguage\":\"en\"},{\"@type\":\"Organization\",\"@id\":\"https:\\\/\\\/www.ilogita.lt\\\/#organization\",\"name\":\"IT technika\",\"url\":\"https:\\\/\\\/www.ilogita.lt\\\/\",\"logo\":{\"@type\":\"ImageObject\",\"inLanguage\":\"en\",\"@id\":\"https:\\\/\\\/www.ilogita.lt\\\/#\\\/schema\\\/logo\\\/image\\\/\",\"url\":\"https:\\\/\\\/www.ilogita.lt\\\/wp-content\\\/uploads\\\/2025\\\/06\\\/oYsePB9RV8lH2DM4.png\",\"contentUrl\":\"https:\\\/\\\/www.ilogita.lt\\\/wp-content\\\/uploads\\\/2025\\\/06\\\/oYsePB9RV8lH2DM4.png\",\"width\":633,\"height\":282,\"caption\":\"IT technika\"},\"image\":{\"@id\":\"https:\\\/\\\/www.ilogita.lt\\\/#\\\/schema\\\/logo\\\/image\\\/\"}}]}<\/script>\n<!-- \/ Yoast SEO plugin. -->","yoast_head_json":{"title":"Kontaktai - IT technika","robots":{"index":"index","follow":"follow","max-snippet":"max-snippet:-1","max-image-preview":"max-image-preview:large","max-video-preview":"max-video-preview:-1"},"canonical":"https:\/\/www.ilogita.lt\/index.php\/kontaktai\/","og_locale":"en_US","og_type":"article","og_title":"Kontaktai - IT technika","og_description":"Bendradarbiaukime kartu! Mes esame \u010dia jums pad\u0117ti! U\u017euot lauk\u0119, para\u0161ykite ar paskambinkite mums jau dabar!","og_url":"https:\/\/www.ilogita.lt\/index.php\/kontaktai\/","og_site_name":"IT technika","article_modified_time":"2025-10-31T20:15:39+00:00","og_image":[{"width":1280,"height":853,"url":"https:\/\/www.ilogita.lt\/wp-content\/uploads\/2025\/04\/contact-us-4193401_1280-1.jpg","type":"image\/jpeg"}],"twitter_card":"summary_large_image","twitter_misc":{"Est. reading time":"2 minutes"},"schema":{"@context":"https:\/\/schema.org","@graph":[{"@type":"WebPage","@id":"https:\/\/www.ilogita.lt\/index.php\/kontaktai\/","url":"https:\/\/www.ilogita.lt\/index.php\/kontaktai\/","name":"Kontaktai - IT technika","isPartOf":{"@id":"https:\/\/www.ilogita.lt\/#website"},"primaryImageOfPage":{"@id":"https:\/\/www.ilogita.lt\/index.php\/kontaktai\/#primaryimage"},"image":{"@id":"https:\/\/www.ilogita.lt\/index.php\/kontaktai\/#primaryimage"},"thumbnailUrl":"https:\/\/www.ilogita.lt\/wp-content\/uploads\/2025\/04\/contact-us-4193401_1280-1-1024x682.jpg","datePublished":"2025-04-25T10:42:06+00:00","dateModified":"2025-10-31T20:15:39+00:00","breadcrumb":{"@id":"https:\/\/www.ilogita.lt\/index.php\/kontaktai\/#breadcrumb"},"inLanguage":"en","potentialAction":[{"@type":"ReadAction","target":["https:\/\/www.ilogita.lt\/index.php\/kontaktai\/"]}]},{"@type":"ImageObject","inLanguage":"en","@id":"https:\/\/www.ilogita.lt\/index.php\/kontaktai\/#primaryimage","url":"https:\/\/www.ilogita.lt\/wp-content\/uploads\/2025\/04\/contact-us-4193401_1280-1.jpg","contentUrl":"https:\/\/www.ilogita.lt\/wp-content\/uploads\/2025\/04\/contact-us-4193401_1280-1.jpg","width":1280,"height":853},{"@type":"BreadcrumbList","@id":"https:\/\/www.ilogita.lt\/index.php\/kontaktai\/#breadcrumb","itemListElement":[{"@type":"ListItem","position":1,"name":"Home","item":"https:\/\/www.ilogita.lt\/"},{"@type":"ListItem","position":2,"name":"Kontaktai"}]},{"@type":"WebSite","@id":"https:\/\/www.ilogita.lt\/#website","url":"https:\/\/www.ilogita.lt\/","name":"IT technika","description":"Spausdintuvai ir kompiuteriai","publisher":{"@id":"https:\/\/www.ilogita.lt\/#organization"},"potentialAction":[{"@type":"SearchAction","target":{"@type":"EntryPoint","urlTemplate":"https:\/\/www.ilogita.lt\/?s={search_term_string}"},"query-input":{"@type":"PropertyValueSpecification","valueRequired":true,"valueName":"search_term_string"}}],"inLanguage":"en"},{"@type":"Organization","@id":"https:\/\/www.ilogita.lt\/#organization","name":"IT technika","url":"https:\/\/www.ilogita.lt\/","logo":{"@type":"ImageObject","inLanguage":"en","@id":"https:\/\/www.ilogita.lt\/#\/schema\/logo\/image\/","url":"https:\/\/www.ilogita.lt\/wp-content\/uploads\/2025\/06\/oYsePB9RV8lH2DM4.png","contentUrl":"https:\/\/www.ilogita.lt\/wp-content\/uploads\/2025\/06\/oYsePB9RV8lH2DM4.png","width":633,"height":282,"caption":"IT technika"},"image":{"@id":"https:\/\/www.ilogita.lt\/#\/schema\/logo\/image\/"}}]}},"_links":{"self":[{"href":"https:\/\/www.ilogita.lt\/index.php\/wp-json\/wp\/v2\/pages\/13","targetHints":{"allow":["GET"]}}],"collection":[{"href":"https:\/\/www.ilogita.lt\/index.php\/wp-json\/wp\/v2\/pages"}],"about":[{"href":"https:\/\/www.ilogita.lt\/index.php\/wp-json\/wp\/v2\/types\/page"}],"author":[{"embeddable":true,"href":"https:\/\/www.ilogita.lt\/index.php\/wp-json\/wp\/v2\/users\/1"}],"replies":[{"embeddable":true,"href":"https:\/\/www.ilogita.lt\/index.php\/wp-json\/wp\/v2\/comments?post=13"}],"version-history":[{"count":15,"href":"https:\/\/www.ilogita.lt\/index.php\/wp-json\/wp\/v2\/pages\/13\/revisions"}],"predecessor-version":[{"id":268,"href":"https:\/\/www.ilogita.lt\/index.php\/wp-json\/wp\/v2\/pages\/13\/revisions\/268"}],"wp:attachment":[{"href":"https:\/\/www.ilogita.lt\/index.php\/wp-json\/wp\/v2\/media?parent=13"}],"curies":[{"name":"wp","href":"https:\/\/api.w.org\/{rel}","templated":true}]}}